{"id":474,"date":"2017-08-29T10:27:21","date_gmt":"2017-08-29T10:27:21","guid":{"rendered":"https:\/\/www.peanutprocess.com\/?page_id=474\/"},"modified":"2017-08-29T10:27:21","modified_gmt":"2017-08-29T10:27:21","slug":"sobre-nosotros","status":"publish","type":"page","link":"https:\/\/www.peanutprocess.com\/es\/sobre-nosotros\/","title":{"rendered":"Sobre nosotros"},"content":{"rendered":"<p>Nuestra f\u00e1brica es compa\u00f1\u00eda, situada en China media. Con c\u00f3modo ir y venir y ventajosa ubicaci\u00f3n geogr\u00e1fica. Con una superficie de 36.000 metros cuadrados, la empresa, con una inversi\u00f3n total de RMB 180 millones en el proyecto. En los \u00faltimos 10 a\u00f1os, nos hemos centrado en la investigaci\u00f3n y el dise\u00f1o de la maquinaria que podr\u00eda procesar el cacahuete en diferentes tipos<\/p>\n<p><a href=\"https:\/\/www.peanutprocess.com\/wp-content\/uploads\/2017\/07\/Banner01-Automatic-Peanut-Butter-Grinder-Making-Machine-Manufacture.jpg\"><img loading=\"lazy\" decoding=\"async\" class=\"alignnone size-large wp-image-191\" src=\"https:\/\/www.peanutprocess.com\/wp-content\/uploads\/2017\/07\/Banner01-Automatic-Peanut-Butter-Grinder-Making-Machine-Manufacture-1024x267.jpg\" alt=\"Banner01-Automatic-Peanut-Butter-Grinder-Making-Machine-Manufacture\" width=\"1024\" height=\"267\" srcset=\"https:\/\/www.peanutprocess.com\/wp-content\/uploads\/2017\/07\/Banner01-Automatic-Peanut-Butter-Grinder-Making-Machine-Manufacture-1024x267.jpg 1024w, https:\/\/www.peanutprocess.com\/wp-content\/uploads\/2017\/07\/Banner01-Automatic-Peanut-Butter-Grinder-Making-Machine-Manufacture-300x78.jpg 300w, https:\/\/www.peanutprocess.com\/wp-content\/uploads\/2017\/07\/Banner01-Automatic-Peanut-Butter-Grinder-Making-Machine-Manufacture-768x200.jpg 768w, https:\/\/www.peanutprocess.com\/wp-content\/uploads\/2017\/07\/Banner01-Automatic-Peanut-Butter-Grinder-Making-Machine-Manufacture.jpg 1920w\" sizes=\"auto, (max-width: 1024px) 100vw, 1024px\" \/><\/a><\/p>\n<p>La maquinaria de Romiter gana la reputaci\u00f3n amplia para los productos con eficacia alta, confiabilidad excelente, mantenimiento f\u00e1cil y vida \u00fatil larga. Romiter cuenta con un excelente equipo de soporte t\u00e9cnico, incluyendo maquinistas altamente experimentados y t\u00e9cnicos de servicio. Todas nuestras m\u00e1quinas equipan con componentes de marca confiables. Esto nos permite ofrecer a nuestros clientes con alta calidad continua y m\u00e1quina de procesamiento de cacahuete de \u00faltima generaci\u00f3n a precios competitivos.<\/p>\n<p><a href=\"https:\/\/www.peanutprocess.com\/wp-content\/uploads\/2017\/07\/Banner02-Automatic-Peanut-Roaster-Machine-Manufacture.jpg\"><img loading=\"lazy\" decoding=\"async\" class=\"alignnone size-large wp-image-192\" src=\"https:\/\/www.peanutprocess.com\/wp-content\/uploads\/2017\/07\/Banner02-Automatic-Peanut-Roaster-Machine-Manufacture-1024x267.jpg\" alt=\"Banner02-Automatic-Peanut-Roaster-Machine-Manufacture\" width=\"1024\" height=\"267\" srcset=\"https:\/\/www.peanutprocess.com\/wp-content\/uploads\/2017\/07\/Banner02-Automatic-Peanut-Roaster-Machine-Manufacture-1024x267.jpg 1024w, https:\/\/www.peanutprocess.com\/wp-content\/uploads\/2017\/07\/Banner02-Automatic-Peanut-Roaster-Machine-Manufacture-300x78.jpg 300w, https:\/\/www.peanutprocess.com\/wp-content\/uploads\/2017\/07\/Banner02-Automatic-Peanut-Roaster-Machine-Manufacture-768x200.jpg 768w, https:\/\/www.peanutprocess.com\/wp-content\/uploads\/2017\/07\/Banner02-Automatic-Peanut-Roaster-Machine-Manufacture.jpg 1920w\" sizes=\"auto, (max-width: 1024px) 100vw, 1024px\" \/><\/a><\/p>\n<p>Adhiriendo al principio de la gesti\u00f3n cient\u00edfica y la honestidad y el cr\u00e9dito, nuestra f\u00e1brica ha pasado la certificaci\u00f3n del sistema de calidad ISO9001-2000. Ahora, nuestra f\u00e1brica puede proporcionar la m\u00e1quina que descasca del cacahuete, m\u00e1quina de la peladura de la piel del cacahuete, amoladora de la mantequilla de cacahuete, m\u00e1quina cortadora del cacahuete, m\u00e1quina de corte del cacahuete, m\u00e1quina de la fabricaci\u00f3n del caramelo del cacahuete, cacahuete que fr\u00ede la m\u00e1quina, m\u00e1quina de la c\u00e1scara del cacahuete y m\u00e1quina de la cazadora del cacahuete.<\/p>\n<p><a href=\"https:\/\/www.peanutprocess.com\/wp-content\/uploads\/2017\/07\/Banner03-Peanut-Red-Skin-Peeling-Machine-Manufacture-and-Supplier.jpg\"><img loading=\"lazy\" decoding=\"async\" class=\"alignnone size-large wp-image-193\" src=\"https:\/\/www.peanutprocess.com\/wp-content\/uploads\/2017\/07\/Banner03-Peanut-Red-Skin-Peeling-Machine-Manufacture-and-Supplier-1024x267.jpg\" alt=\"Banner03-Peanut-Red-Skin-Peeling-Machine-Manufacture-and-Supplier\" width=\"1024\" height=\"267\" srcset=\"https:\/\/www.peanutprocess.com\/wp-content\/uploads\/2017\/07\/Banner03-Peanut-Red-Skin-Peeling-Machine-Manufacture-and-Supplier-1024x267.jpg 1024w, https:\/\/www.peanutprocess.com\/wp-content\/uploads\/2017\/07\/Banner03-Peanut-Red-Skin-Peeling-Machine-Manufacture-and-Supplier-300x78.jpg 300w, https:\/\/www.peanutprocess.com\/wp-content\/uploads\/2017\/07\/Banner03-Peanut-Red-Skin-Peeling-Machine-Manufacture-and-Supplier-768x200.jpg 768w, https:\/\/www.peanutprocess.com\/wp-content\/uploads\/2017\/07\/Banner03-Peanut-Red-Skin-Peeling-Machine-Manufacture-and-Supplier.jpg 1920w\" sizes=\"auto, (max-width: 1024px) 100vw, 1024px\" \/><\/a><\/p>\n<p>M\u00e1quina de procesamiento de cacahuete Romiter Requisito de calidad de Europa de la carne. Con la certificaci\u00f3n del CE, cliente no necesita preocuparse de la importaci\u00f3n<\/p>\n<p><a href=\"https:\/\/www.peanutprocess.com\/wp-content\/uploads\/2017\/07\/Banner04-Peanut-Shelling-Machine-and-Sorting-Machine.jpg\"><img loading=\"lazy\" decoding=\"async\" class=\"alignnone size-large wp-image-198\" src=\"https:\/\/www.peanutprocess.com\/wp-content\/uploads\/2017\/07\/Banner04-Peanut-Shelling-Machine-and-Sorting-Machine-1024x267.jpg\" alt=\"Banner04-Peanut-Shelling-Machine-and-Sorting-Machine\" width=\"1024\" height=\"267\" srcset=\"https:\/\/www.peanutprocess.com\/wp-content\/uploads\/2017\/07\/Banner04-Peanut-Shelling-Machine-and-Sorting-Machine-1024x267.jpg 1024w, https:\/\/www.peanutprocess.com\/wp-content\/uploads\/2017\/07\/Banner04-Peanut-Shelling-Machine-and-Sorting-Machine-300x78.jpg 300w, https:\/\/www.peanutprocess.com\/wp-content\/uploads\/2017\/07\/Banner04-Peanut-Shelling-Machine-and-Sorting-Machine-768x200.jpg 768w, https:\/\/www.peanutprocess.com\/wp-content\/uploads\/2017\/07\/Banner04-Peanut-Shelling-Machine-and-Sorting-Machine.jpg 1920w\" sizes=\"auto, (max-width: 1024px) 100vw, 1024px\" \/><\/a><\/p>\n<p>Romiter Group provides a complete Peanut Processing Solution, which includes but is not limited to:<\/p>\n<ol>\n<li><a href=\"https:\/\/www.peanutprocess.com\/small-peanut-shelling-machine-for-sale\/\">peanut shelling machine<\/a><\/li>\n<li><a href=\"https:\/\/www.peanutprocess.com\/automatic-wet-type-peanut-peeling-machine-for-sale\/\">peanut skin peeling machine<\/a><\/li>\n<li><a href=\"https:\/\/www.peanutprocess.com\/full-stainless-steel-peanut-butter-grinder-machine-for-sale\/\">peanut butter grinder<\/a><\/li>\n<li><a href=\"https:\/\/www.peanutprocess.com\/automatic-peanut-slicing-machine-for-sale\/\">peanut slicing machine<\/a><\/li>\n<li><a href=\"https:\/\/www.peanutprocess.com\/automatic-peanut-cutting-machine-for-sale\/\">peanut cutting machine<\/a><\/li>\n<li><a href=\"https:\/\/www.peanutprocess.com\/automatic-peanut-candy-making-machine\/\">peanut candy making machine<\/a><\/li>\n<li>peanut frying machine<\/li>\n<li><a href=\"https:\/\/www.peanutprocess.com\/peanut-flour-coating-machine-for-sale\/\">peanut coating machine<\/a><\/li>\n<li>peanut harvester machine<\/li>\n<\/ol>\n<p>Romiter Group can provide customized products for customers. Welcome to contact with us for more information.<\/p>\n<p>Facebook Page: <a href=\"https:\/\/www.facebook.com\/PeanutProcessingMachine\/\">https:\/\/www.facebook.com\/PeanutProcessingMachine\/<\/a><\/p>\n\n<div class=\"wpcf7 no-js\" id=\"wpcf7-f54-o1\" lang=\"en-US\" dir=\"ltr\" data-wpcf7-id=\"54\">\n<div class=\"screen-reader-response\"><p role=\"status\" aria-live=\"polite\" aria-atomic=\"true\"><\/p> <ul><\/ul><\/div>\n<form action=\"\/es\/wp-json\/wp\/v2\/pages\/474#wpcf7-f54-o1\" method=\"post\" class=\"wpcf7-form init\" aria-label=\"Contact form\" novalidate=\"novalidate\" data-status=\"init\">\n<fieldset class=\"hidden-fields-container\"><input type=\"hidden\" name=\"_wpcf7\" value=\"54\" \/><input type=\"hidden\" name=\"_wpcf7_version\" value=\"6.1.5\" \/><input type=\"hidden\" name=\"_wpcf7_locale\" value=\"en_US\" \/><input type=\"hidden\" name=\"_wpcf7_unit_tag\" value=\"wpcf7-f54-o1\" \/><input type=\"hidden\" name=\"_wpcf7_container_post\" value=\"0\" \/><input type=\"hidden\" name=\"_wpcf7_posted_data_hash\" value=\"\" \/>\n<\/fieldset>\n<div id=\"inquiryForm\">\n\t<h2>Send Us Inquiry to Get Quotation\n\t<\/h2>\n\t<p>Please enter your contact information and the details you want to know about our product.\n\t<\/p>\n\t<p>Your Name (required)\n\t<\/p>\n\t<p><span class=\"wpcf7-form-control-wrap\" data-name=\"your-name\"><input size=\"40\" maxlength=\"400\" class=\"wpcf7-form-control wpcf7-text wpcf7-validates-as-required\" aria-required=\"true\" aria-invalid=\"false\" value=\"\" type=\"text\" name=\"your-name\" \/><\/span>\n\t<\/p>\n\t<p>Your Email (required)\n\t<\/p>\n\t<p><span class=\"wpcf7-form-control-wrap\" data-name=\"your-email\"><input size=\"40\" maxlength=\"400\" class=\"wpcf7-form-control wpcf7-email wpcf7-validates-as-required wpcf7-text wpcf7-validates-as-email\" aria-required=\"true\" aria-invalid=\"false\" value=\"\" type=\"email\" name=\"your-email\" \/><\/span>\n\t<\/p>\n\t<p>Country\n\t<\/p>\n\t<p><span class=\"wpcf7-form-control-wrap\" data-name=\"your-country\"><input size=\"40\" maxlength=\"400\" class=\"wpcf7-form-control wpcf7-text\" aria-invalid=\"false\" placeholder=\"Tell us Your Country\" value=\"\" type=\"text\" name=\"your-country\" \/><\/span>\n\t<\/p>\n\t<p>WhatsApp\n\t<\/p>\n\t<p><span class=\"wpcf7-form-control-wrap\" data-name=\"your-whatsapp\"><input size=\"40\" maxlength=\"400\" class=\"wpcf7-form-control wpcf7-text\" aria-invalid=\"false\" placeholder=\"Your WhatsApp ID with Country Code\" value=\"\" type=\"text\" name=\"your-whatsapp\" \/><\/span>\n\t<\/p>\n\t<p>Subject\n\t<\/p>\n\t<p><span class=\"wpcf7-form-control-wrap\" data-name=\"your-subject\"><input size=\"40\" maxlength=\"400\" class=\"wpcf7-form-control wpcf7-text\" aria-invalid=\"false\" value=\"\" type=\"text\" name=\"your-subject\" \/><\/span>\n\t<\/p>\n\t<p>Your Message (required)\n\t<\/p>\n\t<p><span class=\"wpcf7-form-control-wrap\" data-name=\"your-message\"><textarea cols=\"40\" rows=\"10\" maxlength=\"2000\" class=\"wpcf7-form-control wpcf7-textarea wpcf7-validates-as-required\" aria-required=\"true\" aria-invalid=\"false\" placeholder=\"please specify your detail requirement here\" name=\"your-message\"><\/textarea><\/span>\n\t<\/p>\n\t<p><input class=\"wpcf7-form-control wpcf7-submit has-spinner\" type=\"submit\" value=\"Send\" \/>\n\t<\/p>\n<\/div><p style=\"display: none !important;\" class=\"akismet-fields-container\" data-prefix=\"_wpcf7_ak_\"><label>&#916;<textarea name=\"_wpcf7_ak_hp_textarea\" cols=\"45\" rows=\"8\" maxlength=\"100\"><\/textarea><\/label><input type=\"hidden\" id=\"ak_js_1\" name=\"_wpcf7_ak_js\" value=\"134\"\/><script>document.getElementById( \"ak_js_1\" ).setAttribute( \"value\", ( new Date() ).getTime() );<\/script><\/p><div class=\"wpcf7-response-output\" aria-hidden=\"true\"><\/div>\n<\/form>\n<\/div>\n\n","protected":false},"excerpt":{"rendered":"<p>Nuestra f\u00e1brica es compa\u00f1\u00eda, situada en China media. Con c\u00f3modo ir y venir y ventajosa ubicaci\u00f3n geogr\u00e1fica. Con una superficie de 36.000 metros cuadrados, la empresa, con una inversi\u00f3n total de RMB 180 millones en el proyecto. En los \u00faltimos 10 a\u00f1os, nos hemos centrado en la investigaci\u00f3n y el dise\u00f1o de la maquinaria que podr\u00eda procesar el cacahuete en diferentes tipos La maquinaria de Romiter gana la reputaci\u00f3n amplia para los productos con eficacia alta, confiabilidad excelente, mantenimiento f\u00e1cil y vida \u00fatil larga. Romiter cuenta con un excelente equipo de soporte t\u00e9cnico, incluyendo maquinistas altamente experimentados y t\u00e9cnicos de servicio. Todas nuestras m\u00e1quinas equipan con componentes de marca confiables. Esto nos permite ofrecer a nuestros clientes con alta calidad continua y m\u00e1quina de procesamiento de cacahuete de \u00faltima generaci\u00f3n a precios competitivos. Adhiriendo al principio de la gesti\u00f3n cient\u00edfica y la honestidad y el cr\u00e9dito, nuestra f\u00e1brica ha pasado la certificaci\u00f3n del sistema de calidad ISO9001-2000. Ahora, nuestra f\u00e1brica &#8230;<\/p>\n","protected":false},"author":1,"featured_media":0,"parent":0,"menu_order":0,"comment_status":"closed","ping_status":"closed","template":"","meta":{"footnotes":""},"class_list":["post-474","page","type-page","status-publish","hentry"],"aioseo_notices":[],"jetpack_sharing_enabled":true,"_links":{"self":[{"href":"https:\/\/www.peanutprocess.com\/es\/wp-json\/wp\/v2\/pages\/474","targetHints":{"allow":["GET"]}}],"collection":[{"href":"https:\/\/www.peanutprocess.com\/es\/wp-json\/wp\/v2\/pages"}],"about":[{"href":"https:\/\/www.peanutprocess.com\/es\/wp-json\/wp\/v2\/types\/page"}],"author":[{"embeddable":true,"href":"https:\/\/www.peanutprocess.com\/es\/wp-json\/wp\/v2\/users\/1"}],"replies":[{"embeddable":true,"href":"https:\/\/www.peanutprocess.com\/es\/wp-json\/wp\/v2\/comments?post=474"}],"version-history":[{"count":0,"href":"https:\/\/www.peanutprocess.com\/es\/wp-json\/wp\/v2\/pages\/474\/revisions"}],"wp:attachment":[{"href":"https:\/\/www.peanutprocess.com\/es\/wp-json\/wp\/v2\/media?parent=474"}],"curies":[{"name":"wp","href":"https:\/\/api.w.org\/{rel}","templated":true}]}}